{"id":1453,"date":"2022-04-20T15:36:56","date_gmt":"2022-04-20T18:36:56","guid":{"rendered":"https:\/\/ceetbr.com.br\/?post_type=product&#038;p=1453"},"modified":"2022-04-20T15:42:34","modified_gmt":"2022-04-20T18:42:34","slug":"implantacao-de-gestao-integrada-sga-sgq-sso-e-ergonomia","status":"publish","type":"product","link":"https:\/\/ceetbr.com.br\/index.php\/produto\/implantacao-de-gestao-integrada-sga-sgq-sso-e-ergonomia\/","title":{"rendered":"IMPLANTA\u00c7A\u00d5 DE GEST\u00c3O INTEGRADA SGA, SGQ, SSO E ERGONOMIA"},"content":{"rendered":"","protected":false},"excerpt":{"rendered":"","protected":false},"featured_media":1396,"comment_status":"open","ping_status":"closed","template":"","meta":[],"product_cat":[70],"product_tag":[],"class_list":{"0":"post-1453","1":"product","2":"type-product","3":"status-publish","4":"has-post-thumbnail","6":"product_cat-formacao-profissional-2"},"_links":{"self":[{"href":"https:\/\/ceetbr.com.br\/index.php\/wp-json\/wp\/v2\/product\/1453","targetHints":{"allow":["GET"]}}],"collection":[{"href":"https:\/\/ceetbr.com.br\/index.php\/wp-json\/wp\/v2\/product"}],"about":[{"href":"https:\/\/ceetbr.com.br\/index.php\/wp-json\/wp\/v2\/types\/product"}],"replies":[{"embeddable":true,"href":"https:\/\/ceetbr.com.br\/index.php\/wp-json\/wp\/v2\/comments?post=1453"}],"wp:featuredmedia":[{"embeddable":true,"href":"https:\/\/ceetbr.com.br\/index.php\/wp-json\/wp\/v2\/media\/1396"}],"wp:attachment":[{"href":"https:\/\/ceetbr.com.br\/index.php\/wp-json\/wp\/v2\/media?parent=1453"}],"wp:term":[{"taxonomy":"product_cat","embeddable":true,"href":"https:\/\/ceetbr.com.br\/index.php\/wp-json\/wp\/v2\/product_cat?post=1453"},{"taxonomy":"product_tag","embeddable":true,"href":"https:\/\/ceetbr.com.br\/index.php\/wp-json\/wp\/v2\/product_tag?post=1453"}],"curies":[{"name":"wp","href":"https:\/\/api.w.org\/{rel}","templated":true}]}}