{"id":1449,"date":"2022-04-20T15:29:50","date_gmt":"2022-04-20T18:29:50","guid":{"rendered":"https:\/\/ceetbr.com.br\/?post_type=product&#038;p=1449"},"modified":"2022-04-20T15:33:26","modified_gmt":"2022-04-20T18:33:26","slug":"gestao-estrategica-da-tecnologia-da-informacao","status":"publish","type":"product","link":"https:\/\/ceetbr.com.br\/index.php\/produto\/gestao-estrategica-da-tecnologia-da-informacao\/","title":{"rendered":"GEST\u00c3O ESTRAT\u00c9GICA DA TECNOLOGIA DA INFORMA\u00c7\u00c3O"},"content":{"rendered":"","protected":false},"excerpt":{"rendered":"","protected":false},"featured_media":1392,"comment_status":"open","ping_status":"closed","template":"","meta":[],"product_cat":[69],"product_tag":[],"class_list":{"0":"post-1449","1":"product","2":"type-product","3":"status-publish","4":"has-post-thumbnail","6":"product_cat-pos-graduacao"},"_links":{"self":[{"href":"https:\/\/ceetbr.com.br\/index.php\/wp-json\/wp\/v2\/product\/1449","targetHints":{"allow":["GET"]}}],"collection":[{"href":"https:\/\/ceetbr.com.br\/index.php\/wp-json\/wp\/v2\/product"}],"about":[{"href":"https:\/\/ceetbr.com.br\/index.php\/wp-json\/wp\/v2\/types\/product"}],"replies":[{"embeddable":true,"href":"https:\/\/ceetbr.com.br\/index.php\/wp-json\/wp\/v2\/comments?post=1449"}],"wp:featuredmedia":[{"embeddable":true,"href":"https:\/\/ceetbr.com.br\/index.php\/wp-json\/wp\/v2\/media\/1392"}],"wp:attachment":[{"href":"https:\/\/ceetbr.com.br\/index.php\/wp-json\/wp\/v2\/media?parent=1449"}],"wp:term":[{"taxonomy":"product_cat","embeddable":true,"href":"https:\/\/ceetbr.com.br\/index.php\/wp-json\/wp\/v2\/product_cat?post=1449"},{"taxonomy":"product_tag","embeddable":true,"href":"https:\/\/ceetbr.com.br\/index.php\/wp-json\/wp\/v2\/product_tag?post=1449"}],"curies":[{"name":"wp","href":"https:\/\/api.w.org\/{rel}","templated":true}]}}